{"id":27,"date":"2011-10-21T00:43:05","date_gmt":"2011-10-21T00:43:05","guid":{"rendered":"http:\/\/www.fundacoromoto.org\/?page_id=27"},"modified":"2011-10-21T20:02:18","modified_gmt":"2011-10-21T20:02:18","slug":"%c2%bfquienes-somos","status":"publish","type":"page","link":"https:\/\/www.fundacoromoto.org\/?page_id=27","title":{"rendered":"Club de F\u00fatbol Los Olivos &#8211; \u00bfQuienes somos?"},"content":{"rendered":"[audio:http:\/\/fundacoromoto.org\/wp-content\/uploads\/audio\/himno_de_los_olivos.mp3|autostart=yes]\n<p>Desde hace m\u00e1s de tres d\u00e9cadas, gracias al incentivo de un grupo de inmigrantes residentes pioneros en la urbanizaci\u00f3n, el f\u00fatbol se convirti\u00f3 en la principal distracci\u00f3n para los ni\u00f1os, adolescentes y adultos que paulatinamente la fueron poblando.<\/p>\n<p>Para ello se improvisaron en descampados e inclinados terrenos arenosos, porter\u00edas de maderas que se fueron rotando en la medida que la urbanizaci\u00f3n se fue construyendo, hasta definitivamente establecerse en el terreno en donde hoy se encuentra.<\/p>\n<p style=\"text-align: center;\"><img loading=\"lazy\" style=\"vertical-align: middle; border: 0;\" src=\"http:\/\/www.fundacoromoto.org\/wp-content\/gallery\/club_de_futbol_los_olivos\/cancha_original.jpg\" alt=\"Cancha Original del Club de F\u00fatbol Los Olivos\" width=\"640\" height=\"480\" \/><\/p>\n<p>Las precarias condiciones de las canchas deportivas no se compaginaron en ning\u00fan momento con la afici\u00f3n que despert\u00f3 este deporte en el seno de la urbanizaci\u00f3n, ni mucho menos en la relaciones de las personas que de alguna u otra manera nos hemos involucrado en el desarrollo de esta actividad, que despu\u00e9s de tanto tiempo ha logrado mantenernos unidos como una gran familia.<\/p>\n<p>No pod\u00edamos entonces eludir el compromiso de hacer un esfuerzo mancomunado para dotar a nuestra urbanizaci\u00f3n de unas excelentes instalaciones deportivas que permitan mantener viva en el tiempo, el inter\u00e9s por la pr\u00e1ctica de esta sana disciplina deportiva, para lo cual comenzamos por dotar de personalidad jur\u00eddica al Club que se conform\u00f3 desde el a\u00f1o de 1.969, constituyendo una Asociaci\u00f3n Civil que actualmente gira bajo la denominaci\u00f3n de &#8220;ASOCIACI\u00d3N CIVIL CLUB DE F\u00daTBOL LOS OLIVOS&#8221;.<\/p>\n<p style=\"text-align: center;\"><a class=\"thickbox\" title=\"ASOCIACION CIVIL CLUB DE FUTBOL LOS OLIVOS\" href=\"http:\/\/www.fundacoromoto.org\/wp-content\/gallery\/club_de_futbol_los_olivos\/img_2645.jpg\"><img loading=\"lazy\" style=\"vertical-align: middle; border: 0;\" src=\"http:\/\/www.fundacoromoto.org\/wp-content\/gallery\/club_de_futbol_los_olivos\/img_2645.jpg\" alt=\"img_2645.jpg\" width=\"480\" height=\"680\" \/><\/a><\/p>\n<p style=\"text-align: center;\"><a class=\"thickbox\" title=\"PROYECTO\" href=\"http:\/\/www.fundacoromoto.org\/wp-content\/gallery\/club_de_futbol_los_olivos\/proyecto.png\"><img loading=\"lazy\" style=\"vertical-align: middle; border: 0;\" src=\"http:\/\/www.fundacoromoto.org\/wp-content\/gallery\/club_de_futbol_los_olivos\/proyecto.png\" alt=\"proyecto.png\" width=\"640\" height=\"320\" \/><\/a><\/p>\n<p style=\"text-align: center;\"><a class=\"thickbox\" title=\"Cancha Actual de Los Olivos\" href=\"http:\/\/www.fundacoromoto.org\/wp-content\/gallery\/club_de_futbol_los_olivos\/dsc00428.jpg\"><img loading=\"lazy\" style=\"vertical-align: middle; border: 0pt none;\" src=\"http:\/\/www.fundacoromoto.org\/wp-content\/gallery\/club_de_futbol_los_olivos\/dsc00428.jpg\" alt=\"dsc00428.jpg\" width=\"640\" height=\"480\" \/><\/a><\/p>\n<p>La Junta Directiva de  esta   Asociaci\u00f3n la conformamos un grupo de personas dedicadas al ejercicio de diferentes actividades y profesiones en esta ciudad, a quienes la historia nos ha encomendado motorizar este proyecto que hemos realizado a trav\u00e9s de una suma mancomunada de esfuerzos, que se vienen captando mediante la realizaci\u00f3n de rifas, ventas de discos, libros y  aportes de personas e instituciones que han aceptado participar en esta loable acci\u00f3n.<\/p>\n<p style=\"text-align: center;\"><a class=\"thickbox\" title=\"DIRECTIVA\" href=\"http:\/\/www.fundacoromoto.org\/wp-content\/gallery\/club_de_futbol_los_olivos\/img_2549.jpg\"><img loading=\"lazy\" style=\"vertical-align: middle; border: 0pt none;\" src=\"http:\/\/www.fundacoromoto.org\/wp-content\/gallery\/club_de_futbol_los_olivos\/img_2549.jpg\" alt=\"img_2549.jpg\" width=\"640\" height=\"480\" \/><\/a><\/p>\n<p style=\"text-align: center;\"><a class=\"thickbox\" title=\"DIRECTIVOS\" href=\"http:\/\/www.fundacoromoto.org\/wp-content\/gallery\/club_de_futbol_los_olivos\/dsc00678.jpg\"><img loading=\"lazy\" style=\"vertical-align: middle; border: 0pt none;\" src=\"http:\/\/www.fundacoromoto.org\/wp-content\/gallery\/club_de_futbol_los_olivos\/dsc00678.jpg\" alt=\"dsc00678.jpg\" width=\"640\" height=\"480\" \/><\/a><\/p>\n<p style=\"text-align: center;\"><a class=\"thickbox\" title=\"BANDERA\" href=\"http:\/\/www.fundacoromoto.org\/wp-content\/gallery\/club_de_futbol_los_olivos\/dsc00665.jpg\"><img loading=\"lazy\" style=\"vertical-align: middle; border: 0pt none;\" src=\"http:\/\/www.fundacoromoto.org\/wp-content\/gallery\/club_de_futbol_los_olivos\/dsc00665.jpg\" alt=\"dsc00665.jpg\" width=\"640\" height=\"480\" \/><\/a><\/p>\n","protected":false},"excerpt":{"rendered":"<p>[audio:http:\/\/fundacoromoto.org\/wp-content\/uploads\/audio\/himno_de_los_olivos.mp3|autostart=yes] Desde hace m\u00e1s de tres d\u00e9cadas, gracias al incentivo de un grupo de inmigrantes residentes pioneros en la urbanizaci\u00f3n, el f\u00fatbol se convirti\u00f3 en la principal distracci\u00f3n para los ni\u00f1os, adolescentes y adultos que paulatinamente la fueron poblando. Para ello se improvisaron en descampados e inclinados terrenos arenosos, porter\u00edas de maderas que se fueron [&hellip;]<\/p>\n","protected":false},"author":1,"featured_media":0,"parent":25,"menu_order":1,"comment_status":"open","ping_status":"open","template":"","meta":[],"_links":{"self":[{"href":"https:\/\/www.fundacoromoto.org\/index.php?rest_route=\/wp\/v2\/pages\/27"}],"collection":[{"href":"https:\/\/www.fundacoromoto.org\/index.php?rest_route=\/wp\/v2\/pages"}],"about":[{"href":"https:\/\/www.fundacoromoto.org\/index.php?rest_route=\/wp\/v2\/types\/page"}],"author":[{"embeddable":true,"href":"https:\/\/www.fundacoromoto.org\/index.php?rest_route=\/wp\/v2\/users\/1"}],"replies":[{"embeddable":true,"href":"https:\/\/www.fundacoromoto.org\/index.php?rest_route=%2Fwp%2Fv2%2Fcomments&post=27"}],"version-history":[{"count":0,"href":"https:\/\/www.fundacoromoto.org\/index.php?rest_route=\/wp\/v2\/pages\/27\/revisions"}],"up":[{"embeddable":true,"href":"https:\/\/www.fundacoromoto.org\/index.php?rest_route=\/wp\/v2\/pages\/25"}],"wp:attachment":[{"href":"https:\/\/www.fundacoromoto.org\/index.php?rest_route=%2Fwp%2Fv2%2Fmedia&parent=27"}],"curies":[{"name":"wp","href":"https:\/\/api.w.org\/{rel}","templated":true}]}}