{"id":2,"date":"2008-04-15T21:48:38","date_gmt":"2008-04-15T21:48:38","guid":{"rendered":"http:\/\/www.fundacoromoto.org\/?page_id=2"},"modified":"2020-09-04T18:29:08","modified_gmt":"2020-09-04T18:29:08","slug":"acerca-de","status":"publish","type":"page","link":"https:\/\/www.fundacoromoto.org\/","title":{"rendered":"Historia"},"content":{"rendered":"<p><strong>Nuestra Se\u00f1ora de Coromoto (Historia Breve)<\/strong><\/p>\n<p style=\"text-align: justify;\"><img loading=\"lazy\" src=\"http:\/\/www.fundacoromoto.org\/wp-content\/uploads\/2008\/04\/nscoromotolr-186x300.jpg\" alt=\"\" width=\"178\" height=\"286\" align=\"left\">La historia de esta advocaci\u00f3n mariana data de un hecho que ocurri\u00f3 en las selvas de Portuguesa, Venezuela, el 8 de septiembre de 1652, donde la Virgen Mar\u00eda se le apareci\u00f3 al indio Coromoto, cacique de los indios cospes, pidi\u00e9ndole que tanto \u00e9l como su gente se conviertan y se bauticen, el cacique le relat\u00f3 lo sucedido a su encomendero, don Juan S\u00e1nchez, varios ind\u00edgenas cospes se convirtieron y se bautizaron, pero no el testarudo cacique, quien se qued\u00f3 solo en la selva, la Virgen se le aparece otra vez, y Coromoto, enceguecido por la ira, alza su brazo para agarrarla y desaparece, la aparici\u00f3n se materializ\u00f3 en una estampita hecha de fibra de \u00e1rbol (esta misma imagen se venera hoy en Guanare).<\/p>\n<p style=\"text-align: justify;\">Coromoto es mordido por una serpiente venenosa y vuelve a Guanare, herido y a punto de morir, comenz\u00f3 a pedir el Bautismo, y al bautizarse, se convierte en ap\u00f3stol y rog\u00f3 al grupo de indios cospes rebeldes que estaba bajo su mando, que se bauticen.<\/p>\n<p><img loading=\"lazy\" src=\"http:\/\/www.fundacoromoto.org\/wp-content\/uploads\/2008\/04\/vclandscape.gif\" alt=\"\" width=\"180\" height=\"123\" align=\"right\"><\/p>\n<p style=\"text-align: justify;\">Meses despu\u00e9s, Coromoto, ahora con el nombre cristiano de Angel Custodio, muere en buena vej\u00e9z.<\/p>\n<p style=\"text-align: justify;\">El P\u00e1pa Pio XII en 1950, la declar\u00f3 Patrona de Venezuela y el Papa Juan Pablo II la coron\u00f3 en su visita al Santuario mariano en Guanare.<\/p>\n<p><audio autoplay=\"autoplay\" controls=\"controls\"><source src=\"http:\/\/www.fundacoromoto.org\/wp-content\/uploads\/2008\/04\/01-virgencita-de-coromoto.mp3\"><\/audio><\/p>\n","protected":false},"excerpt":{"rendered":"<p>Nuestra Se\u00f1ora de Coromoto (Historia Breve) La historia de esta advocaci\u00f3n mariana data de un hecho que ocurri\u00f3 en las selvas de Portuguesa, Venezuela, el 8 de septiembre de 1652, donde la Virgen Mar\u00eda se le apareci\u00f3 al indio Coromoto, cacique de los indios cospes, pidi\u00e9ndole que tanto \u00e9l como su gente se conviertan y [&hellip;]<\/p>\n","protected":false},"author":1,"featured_media":0,"parent":0,"menu_order":1,"comment_status":"open","ping_status":"open","template":"","meta":[],"_links":{"self":[{"href":"https:\/\/www.fundacoromoto.org\/index.php?rest_route=\/wp\/v2\/pages\/2"}],"collection":[{"href":"https:\/\/www.fundacoromoto.org\/index.php?rest_route=\/wp\/v2\/pages"}],"about":[{"href":"https:\/\/www.fundacoromoto.org\/index.php?rest_route=\/wp\/v2\/types\/page"}],"author":[{"embeddable":true,"href":"https:\/\/www.fundacoromoto.org\/index.php?rest_route=\/wp\/v2\/users\/1"}],"replies":[{"embeddable":true,"href":"https:\/\/www.fundacoromoto.org\/index.php?rest_route=%2Fwp%2Fv2%2Fcomments&post=2"}],"version-history":[{"count":5,"href":"https:\/\/www.fundacoromoto.org\/index.php?rest_route=\/wp\/v2\/pages\/2\/revisions"}],"predecessor-version":[{"id":37,"href":"https:\/\/www.fundacoromoto.org\/index.php?rest_route=\/wp\/v2\/pages\/2\/revisions\/37"}],"wp:attachment":[{"href":"https:\/\/www.fundacoromoto.org\/index.php?rest_route=%2Fwp%2Fv2%2Fmedia&parent=2"}],"curies":[{"name":"wp","href":"https:\/\/api.w.org\/{rel}","templated":true}]}}