{"id":4,"date":"2008-04-16T20:06:38","date_gmt":"2008-04-16T20:06:38","guid":{"rendered":"http:\/\/www.fundacoromoto.org\/?page_id=4"},"modified":"2008-04-29T03:08:11","modified_gmt":"2008-04-29T03:08:11","slug":"actividades","status":"publish","type":"page","link":"http:\/\/www.fundacoromoto.org\/?page_id=4","title":{"rendered":"Actividades"},"content":{"rendered":"<p style=\"text-align: justify;\">La fundaci\u00f3n inici\u00f3 sus actividades gracias a la donaci\u00f3n de recursos por parte del artista Tyrone Serrao y de un lote importante de CDs con la canci\u00f3n alusiva a la Virgen que fue compuesta por \u00e9l mismo y que sirvi\u00f3 como tema principal y bienvenida durante la visita a nuestra Ciudad Guayana de la imagen de la Virgen Nuestra Se\u00f1ora de Coromoto en el a\u00f1o 2003, quien tambi\u00e9n realiz\u00f3 una actuaci\u00f3n en vivo ante todos los feligreses presentes durante la misa dominical, celebrada en el Cerro El Gallo, de San\u00a0F\u00e9lix.<\/p>\n<p style=\"text-align: justify;\">Hacemos una invitaci\u00f3n a toda la comunidad para que se integre a formar parte de las actividades eclesi\u00e1sticas y a participar aportando parte de su tiempo en el fortalecimiento de los principios morales de nuestra cultura, as\u00ed como tambi\u00e9n con la compra de los CDs los cuales est\u00e1n a la venta en la Iglesia Virgen de Coromoto en los Olivos, Nuestra Se\u00f1ora del F\u00e1tima, Librer\u00eda Las Paulinas y librer\u00eda Latina en Puerto Ordaz.<\/p>\n","protected":false},"excerpt":{"rendered":"<p>La fundaci\u00f3n inici\u00f3 sus actividades gracias a la donaci\u00f3n de recursos por parte del artista Tyrone Serrao y de un lote importante de CDs con la canci\u00f3n alusiva a la Virgen que fue compuesta por \u00e9l mismo y que sirvi\u00f3 como tema principal y bienvenida durante la visita a nuestra Ciudad Guayana de la imagen [&hellip;]<\/p>\n","protected":false},"author":1,"featured_media":0,"parent":0,"menu_order":3,"comment_status":"open","ping_status":"open","template":"","meta":[],"_links":{"self":[{"href":"http:\/\/www.fundacoromoto.org\/index.php?rest_route=\/wp\/v2\/pages\/4"}],"collection":[{"href":"http:\/\/www.fundacoromoto.org\/index.php?rest_route=\/wp\/v2\/pages"}],"about":[{"href":"http:\/\/www.fundacoromoto.org\/index.php?rest_route=\/wp\/v2\/types\/page"}],"author":[{"embeddable":true,"href":"http:\/\/www.fundacoromoto.org\/index.php?rest_route=\/wp\/v2\/users\/1"}],"replies":[{"embeddable":true,"href":"http:\/\/www.fundacoromoto.org\/index.php?rest_route=%2Fwp%2Fv2%2Fcomments&post=4"}],"version-history":[{"count":0,"href":"http:\/\/www.fundacoromoto.org\/index.php?rest_route=\/wp\/v2\/pages\/4\/revisions"}],"wp:attachment":[{"href":"http:\/\/www.fundacoromoto.org\/index.php?rest_route=%2Fwp%2Fv2%2Fmedia&parent=4"}],"curies":[{"name":"wp","href":"https:\/\/api.w.org\/{rel}","templated":true}]}}